{"id":94,"date":"2023-02-07T20:25:29","date_gmt":"2023-02-07T20:25:29","guid":{"rendered":"https:\/\/multitranssas.com\/mt\/?page_id=94"},"modified":"2023-03-09T02:36:37","modified_gmt":"2023-03-09T02:36:37","slug":"cobertura-nacional","status":"publish","type":"page","link":"https:\/\/multitranssas.com\/mt\/cobertura-nacional\/","title":{"rendered":"Cobertura Nacional"},"content":{"rendered":"\t\t<div data-elementor-type=\"wp-page\" data-elementor-id=\"94\" class=\"elementor elementor-94\">\n\t\t\t\t\t\t<section class=\"elementor-section elementor-top-section elementor-element elementor-element-d4deedb elementor-section-boxed elementor-section-height-default elementor-section-height-default\" data-id=\"d4deedb\" data-element_type=\"section\" data-e-type=\"section\">\n\t\t\t\t\t\t<div class=\"elementor-container elementor-column-gap-default\">\n\t\t\t\t\t<div class=\"elementor-column elementor-col-100 elementor-top-column elementor-element elementor-element-cb20c2f\" data-id=\"cb20c2f\" data-element_type=\"column\" data-e-type=\"column\">\n\t\t\t<div class=\"elementor-widget-wrap elementor-element-populated\">\n\t\t\t\t\t\t<div class=\"elementor-element elementor-element-b8e7da0 elementor-widget elementor-widget-text-editor\" data-id=\"b8e7da0\" data-element_type=\"widget\" data-e-type=\"widget\" data-widget_type=\"text-editor.default\">\n\t\t\t\t<div class=\"elementor-widget-container\">\n\t\t\t\t\t\t\t\t\t<p>MULTITRANS es l\u00edder en el mercado colombiano gracias a su amplia cobertura en las principales ciudades del pa\u00eds. Fundada en 1994, la empresa ha logrado consolidarse como <strong>una de las mejores opciones para el transporte de mercanc\u00edas en Colombia<\/strong> por su flota de veh\u00edculos modernos y su equipo de expertos en log\u00edstica, manteniendo una cobertura amplia en ciudades como: <strong><span style=\"color: #2d4f9b;\">Bogot\u00e1, Medell\u00edn, Cali, Barranquilla, Bucaramanga, C\u00facuta y Pasto<\/span>.<\/strong><\/p>\t\t\t\t\t\t\t\t<\/div>\n\t\t\t\t<\/div>\n\t\t\t\t<div class=\"elementor-element elementor-element-e4c0408 elementor-invisible elementor-widget elementor-widget-image\" data-id=\"e4c0408\" data-element_type=\"widget\" data-e-type=\"widget\" data-settings=\"{&quot;_animation&quot;:&quot;fadeInUp&quot;}\" data-widget_type=\"image.default\">\n\t\t\t\t<div class=\"elementor-widget-container\">\n\t\t\t\t\t\t\t\t\t\t\t\t\t\t\t<img fetchpriority=\"high\" decoding=\"async\" width=\"1024\" height=\"1024\" src=\"https:\/\/multitranssas.com\/mt\/wp-content\/uploads\/2023\/02\/WhatsApp-Image-2023-02-25-at-11.53.15-PM-1024x1024.jpeg\" class=\"attachment-large size-large wp-image-316\" alt=\"\" srcset=\"https:\/\/multitranssas.com\/mt\/wp-content\/uploads\/2023\/02\/WhatsApp-Image-2023-02-25-at-11.53.15-PM-1024x1024.jpeg 1024w, https:\/\/multitranssas.com\/mt\/wp-content\/uploads\/2023\/02\/WhatsApp-Image-2023-02-25-at-11.53.15-PM-300x300.jpeg 300w, https:\/\/multitranssas.com\/mt\/wp-content\/uploads\/2023\/02\/WhatsApp-Image-2023-02-25-at-11.53.15-PM-150x150.jpeg 150w, https:\/\/multitranssas.com\/mt\/wp-content\/uploads\/2023\/02\/WhatsApp-Image-2023-02-25-at-11.53.15-PM-768x768.jpeg 768w, https:\/\/multitranssas.com\/mt\/wp-content\/uploads\/2023\/02\/WhatsApp-Image-2023-02-25-at-11.53.15-PM.jpeg 1080w\" sizes=\"(max-width: 1024px) 100vw, 1024px\" \/>\t\t\t\t\t\t\t\t\t\t\t\t\t\t\t<\/div>\n\t\t\t\t<\/div>\n\t\t\t\t\t<\/div>\n\t\t<\/div>\n\t\t\t\t\t<\/div>\n\t\t<\/section>\n\t\t\t\t<\/div>\n\t\t","protected":false},"excerpt":{"rendered":"<p>Los veh\u00edculos de carga de esta empresa son conocidos por su alta calidad y durabilidad. [&hellip;]<\/p>\n","protected":false},"author":1,"featured_media":0,"parent":0,"menu_order":0,"comment_status":"closed","ping_status":"closed","template":"","meta":{"_joinchat":[],"footnotes":""},"class_list":["post-94","page","type-page","status-publish","hentry"],"_links":{"self":[{"href":"https:\/\/multitranssas.com\/mt\/wp-json\/wp\/v2\/pages\/94","targetHints":{"allow":["GET"]}}],"collection":[{"href":"https:\/\/multitranssas.com\/mt\/wp-json\/wp\/v2\/pages"}],"about":[{"href":"https:\/\/multitranssas.com\/mt\/wp-json\/wp\/v2\/types\/page"}],"author":[{"embeddable":true,"href":"https:\/\/multitranssas.com\/mt\/wp-json\/wp\/v2\/users\/1"}],"replies":[{"embeddable":true,"href":"https:\/\/multitranssas.com\/mt\/wp-json\/wp\/v2\/comments?post=94"}],"version-history":[{"count":14,"href":"https:\/\/multitranssas.com\/mt\/wp-json\/wp\/v2\/pages\/94\/revisions"}],"predecessor-version":[{"id":485,"href":"https:\/\/multitranssas.com\/mt\/wp-json\/wp\/v2\/pages\/94\/revisions\/485"}],"wp:attachment":[{"href":"https:\/\/multitranssas.com\/mt\/wp-json\/wp\/v2\/media?parent=94"}],"curies":[{"name":"wp","href":"https:\/\/api.w.org\/{rel}","templated":true}]}}