{"id":73,"date":"2023-02-07T16:42:34","date_gmt":"2023-02-07T16:42:34","guid":{"rendered":"https:\/\/multitranssas.com\/mt\/?page_id=73"},"modified":"2024-02-14T03:40:48","modified_gmt":"2024-02-14T03:40:48","slug":"sobre-nosotros","status":"publish","type":"page","link":"https:\/\/multitranssas.com\/mt\/sobre-nosotros\/","title":{"rendered":"Sobre Nosotros"},"content":{"rendered":"<p><iframe title=\"MULTITRANS Corporativo\" width=\"500\" height=\"281\" src=\"https:\/\/www.youtube.com\/embed\/m8oEcyJMDzg?feature=oembed\" frameborder=\"0\" allow=\"accelerometer; autoplay; clipboard-write; encrypted-media; gyroscope; picture-in-picture; web-share\" referrerpolicy=\"strict-origin-when-cross-origin\" allowfullscreen><\/iframe><\/p>\n<p>En MULTITRANS S.A.S., ofrecemos servicios log\u00edsticos de transporte de mercanc\u00edas que cumplen totalmente con los requisitos fijados por los clientes, con \u00e9nfasis en: el cumplimiento, la disponibilidad de los equipos, la seguridad de los procesos, la prevenci\u00f3n contra actividades il\u00edcitas como narcotr\u00e1fico, terrorismo, lavado de activos, destrucci\u00f3n de armas de destrucci\u00f3n masiva, corrupci\u00f3n y soborno entre otros y, una adecuada relaci\u00f3n beneficio-inversi\u00f3n con nuestros grupos de inter\u00e9s.<\/p>\n<p>Contamos con personal \u00e9tico y competencia, infraestructura propia que utiliza tecnolog\u00eda de informaci\u00f3n y digital en todos los procesos, adecu\u00e1ndonos a est\u00e1ndares internacionales de satisfacci\u00f3n de clientes, control y seguridad en: desplazamientos viales, salud y seguridad laboral, as\u00ed como en la prestaci\u00f3n de nuestros\u00a0 servicios;\u00a0 propendiendo por la mitigaci\u00f3n de impactos ambientales y dando cumplimiento estricto a todos nuestros objetivos de los sistemas de gesti\u00f3n que se integran, comprometidos con el cumplimiento de la normatividad legal que nos aplica, la integridad de los procesos y en procura de mejora permanente continua en todas\u00a0 nuestras operaciones.<\/p>\n<p><span style=\"color: #ff0000;\"><strong>+30 A\u00d1OS DE EXPERIENCIA<\/strong><\/span><\/p>\n<p><iframe title=\"Edificio colfecar\" src=\"https:\/\/maps.google.com\/maps?q=Edificio%20colfecar&amp;t=m&amp;z=15&amp;output=embed&amp;iwloc=near\" aria-label=\"Edificio colfecar\"><\/iframe><\/p>\n<h2>Multitrans, el mejor lugar para trabajar<\/h2>\n<p><img fetchpriority=\"high\" decoding=\"async\" class=\"\" src=\"https:\/\/multitranssas.com\/mt\/wp-content\/uploads\/2023\/02\/WhatsApp-Image-2023-02-01-at-10.04.28-AM-2.jpeg\" alt=\"\" width=\"260\" height=\"347\" \/><\/p>\n<figure><img decoding=\"async\" class=\"\" src=\"https:\/\/multitranssas.com\/mt\/wp-content\/uploads\/2023\/02\/WhatsApp-Image-2023-02-01-at-10.04.32-AM-150x150.jpeg\" alt=\"WhatsApp-Image-2023-02-01-at-10.04.32-AM\" width=\"262\" height=\"262\" \/><\/figure>\n<figure><img decoding=\"async\" class=\"\" src=\"https:\/\/multitranssas.com\/mt\/wp-content\/uploads\/2023\/02\/WhatsApp-Image-2023-02-01-at-10.04.25-AM-1-1-150x150.jpeg\" alt=\"WhatsApp-Image-2023-02-01-at-10.04.25-AM-1-1\" width=\"263\" height=\"263\" \/><\/figure>\n<figure><img loading=\"lazy\" decoding=\"async\" class=\"alignnone  wp-image-580\" src=\"https:\/\/multitranssas.com\/mt\/wp-content\/uploads\/2024\/02\/Imagen4-Hino-MT-300x289.jpg\" alt=\"\" width=\"261\" height=\"251\" srcset=\"https:\/\/multitranssas.com\/mt\/wp-content\/uploads\/2024\/02\/Imagen4-Hino-MT-300x289.jpg 300w, https:\/\/multitranssas.com\/mt\/wp-content\/uploads\/2024\/02\/Imagen4-Hino-MT-768x740.jpg 768w, https:\/\/multitranssas.com\/mt\/wp-content\/uploads\/2024\/02\/Imagen4-Hino-MT.jpg 1024w\" sizes=\"(max-width: 261px) 100vw, 261px\" \/><\/figure>\n<figure><img loading=\"lazy\" decoding=\"async\" class=\"alignnone  wp-image-581\" src=\"https:\/\/multitranssas.com\/mt\/wp-content\/uploads\/2024\/02\/Imagen5-NKR-Mercedes-300x300.jpg\" alt=\"\" width=\"261\" height=\"261\" srcset=\"https:\/\/multitranssas.com\/mt\/wp-content\/uploads\/2024\/02\/Imagen5-NKR-Mercedes-300x300.jpg 300w, https:\/\/multitranssas.com\/mt\/wp-content\/uploads\/2024\/02\/Imagen5-NKR-Mercedes-150x150.jpg 150w, https:\/\/multitranssas.com\/mt\/wp-content\/uploads\/2024\/02\/Imagen5-NKR-Mercedes-768x768.jpg 768w, https:\/\/multitranssas.com\/mt\/wp-content\/uploads\/2024\/02\/Imagen5-NKR-Mercedes.jpg 1024w\" sizes=\"(max-width: 261px) 100vw, 261px\" \/><\/figure>\n<figure><img loading=\"lazy\" decoding=\"async\" class=\"alignnone  wp-image-582\" src=\"https:\/\/multitranssas.com\/mt\/wp-content\/uploads\/2024\/02\/Imagen6-NPR-225x300.jpg\" alt=\"\" width=\"259\" height=\"345\" srcset=\"https:\/\/multitranssas.com\/mt\/wp-content\/uploads\/2024\/02\/Imagen6-NPR-225x300.jpg 225w, https:\/\/multitranssas.com\/mt\/wp-content\/uploads\/2024\/02\/Imagen6-NPR.jpg 472w\" sizes=\"(max-width: 259px) 100vw, 259px\" \/><\/figure>\n<p>Anterior<br \/>\nSiguiente<\/p>\n","protected":false},"excerpt":{"rendered":"<p>En MULTITRANS S.A.S., ofrecemos servicios log\u00edsticos de transporte de mercanc\u00edas que cumplen totalmente con los [&hellip;]<\/p>\n","protected":false},"author":1,"featured_media":79,"parent":0,"menu_order":0,"comment_status":"closed","ping_status":"closed","template":"","meta":{"_joinchat":[],"footnotes":""},"class_list":["post-73","page","type-page","status-publish","has-post-thumbnail","hentry"],"_links":{"self":[{"href":"https:\/\/multitranssas.com\/mt\/wp-json\/wp\/v2\/pages\/73","targetHints":{"allow":["GET"]}}],"collection":[{"href":"https:\/\/multitranssas.com\/mt\/wp-json\/wp\/v2\/pages"}],"about":[{"href":"https:\/\/multitranssas.com\/mt\/wp-json\/wp\/v2\/types\/page"}],"author":[{"embeddable":true,"href":"https:\/\/multitranssas.com\/mt\/wp-json\/wp\/v2\/users\/1"}],"replies":[{"embeddable":true,"href":"https:\/\/multitranssas.com\/mt\/wp-json\/wp\/v2\/comments?post=73"}],"version-history":[{"count":62,"href":"https:\/\/multitranssas.com\/mt\/wp-json\/wp\/v2\/pages\/73\/revisions"}],"predecessor-version":[{"id":585,"href":"https:\/\/multitranssas.com\/mt\/wp-json\/wp\/v2\/pages\/73\/revisions\/585"}],"wp:featuredmedia":[{"embeddable":true,"href":"https:\/\/multitranssas.com\/mt\/wp-json\/wp\/v2\/media\/79"}],"wp:attachment":[{"href":"https:\/\/multitranssas.com\/mt\/wp-json\/wp\/v2\/media?parent=73"}],"curies":[{"name":"wp","href":"https:\/\/api.w.org\/{rel}","templated":true}]}}