{"id":258,"date":"2023-02-14T22:15:49","date_gmt":"2023-02-14T22:15:49","guid":{"rendered":"https:\/\/multitranssas.com\/mt\/?page_id=258"},"modified":"2025-09-30T21:47:09","modified_gmt":"2025-09-30T21:47:09","slug":"mision","status":"publish","type":"page","link":"https:\/\/multitranssas.com\/mt\/mision\/","title":{"rendered":"Misi\u00f3n Y Visi\u00f3n"},"content":{"rendered":"\t\t<div data-elementor-type=\"wp-page\" data-elementor-id=\"258\" class=\"elementor elementor-258\">\n\t\t\t\t\t\t<section class=\"elementor-section elementor-top-section elementor-element elementor-element-cc57776 elementor-section-boxed elementor-section-height-default elementor-section-height-default\" data-id=\"cc57776\" data-element_type=\"section\" data-e-type=\"section\">\n\t\t\t\t\t\t<div class=\"elementor-container elementor-column-gap-default\">\n\t\t\t\t\t<div class=\"elementor-column elementor-col-100 elementor-top-column elementor-element elementor-element-20ae593\" data-id=\"20ae593\" data-element_type=\"column\" data-e-type=\"column\">\n\t\t\t<div class=\"elementor-widget-wrap elementor-element-populated\">\n\t\t\t\t\t\t<div class=\"elementor-element elementor-element-e85748b elementor-widget elementor-widget-heading\" data-id=\"e85748b\" data-element_type=\"widget\" data-e-type=\"widget\" data-widget_type=\"heading.default\">\n\t\t\t\t<div class=\"elementor-widget-container\">\n\t\t\t\t\t<h2 class=\"elementor-heading-title elementor-size-default\">MISI\u00d3N<\/h2>\t\t\t\t<\/div>\n\t\t\t\t<\/div>\n\t\t\t\t\t<\/div>\n\t\t<\/div>\n\t\t\t\t\t<\/div>\n\t\t<\/section>\n\t\t\t\t<section class=\"elementor-section elementor-top-section elementor-element elementor-element-7d6b9e0 elementor-section-boxed elementor-section-height-default elementor-section-height-default\" data-id=\"7d6b9e0\" data-element_type=\"section\" data-e-type=\"section\">\n\t\t\t\t\t\t<div class=\"elementor-container elementor-column-gap-default\">\n\t\t\t\t\t<div class=\"elementor-column elementor-col-100 elementor-top-column elementor-element elementor-element-9668c20\" data-id=\"9668c20\" data-element_type=\"column\" data-e-type=\"column\">\n\t\t\t<div class=\"elementor-widget-wrap elementor-element-populated\">\n\t\t\t\t\t\t<div class=\"elementor-element elementor-element-7bcca7f elementor-widget elementor-widget-text-editor\" data-id=\"7bcca7f\" data-element_type=\"widget\" data-e-type=\"widget\" data-widget_type=\"text-editor.default\">\n\t\t\t\t<div class=\"elementor-widget-container\">\n\t\t\t\t\t\t\t\t\t<p>En <strong>MULTITRANS S.A.S.<\/strong> brindamos soluciones log\u00edsticas integrales en transporte urbano y nacional, adaptadas a las necesidades de nuestros clientes, alineadas con altos est\u00e1ndares de calidad, seguridad y eficacia. Actuamos con responsabilidad, innovaci\u00f3n tecnol\u00f3gica y mejora continua, contribuyendo al desarrollo sostenible, al bienestar y al crecimiento mutuo con todos nuestros grupos de inter\u00e9s, respetando el entorno de acuerdo con nuestros principios y valores.<\/p>\t\t\t\t\t\t\t\t<\/div>\n\t\t\t\t<\/div>\n\t\t\t\t\t<\/div>\n\t\t<\/div>\n\t\t\t\t\t<\/div>\n\t\t<\/section>\n\t\t\t\t<section class=\"elementor-section elementor-top-section elementor-element elementor-element-832b625 elementor-section-boxed elementor-section-height-default elementor-section-height-default\" data-id=\"832b625\" data-element_type=\"section\" data-e-type=\"section\">\n\t\t\t\t\t\t<div class=\"elementor-container elementor-column-gap-default\">\n\t\t\t\t\t<div class=\"elementor-column elementor-col-100 elementor-top-column elementor-element elementor-element-97bc680\" data-id=\"97bc680\" data-element_type=\"column\" data-e-type=\"column\">\n\t\t\t<div class=\"elementor-widget-wrap elementor-element-populated\">\n\t\t\t\t\t\t<div class=\"elementor-element elementor-element-a9a8843 elementor-widget elementor-widget-heading\" data-id=\"a9a8843\" data-element_type=\"widget\" data-e-type=\"widget\" data-widget_type=\"heading.default\">\n\t\t\t\t<div class=\"elementor-widget-container\">\n\t\t\t\t\t<h2 class=\"elementor-heading-title elementor-size-default\">VISI\u00d3N<\/h2>\t\t\t\t<\/div>\n\t\t\t\t<\/div>\n\t\t\t\t\t<\/div>\n\t\t<\/div>\n\t\t\t\t\t<\/div>\n\t\t<\/section>\n\t\t\t\t<section class=\"elementor-section elementor-top-section elementor-element elementor-element-0eedc06 elementor-section-boxed elementor-section-height-default elementor-section-height-default\" data-id=\"0eedc06\" data-element_type=\"section\" data-e-type=\"section\">\n\t\t\t\t\t\t<div class=\"elementor-container elementor-column-gap-default\">\n\t\t\t\t\t<div class=\"elementor-column elementor-col-100 elementor-top-column elementor-element elementor-element-4478efc\" data-id=\"4478efc\" data-element_type=\"column\" data-e-type=\"column\">\n\t\t\t<div class=\"elementor-widget-wrap elementor-element-populated\">\n\t\t\t\t\t\t<div class=\"elementor-element elementor-element-8abebd6 elementor-widget elementor-widget-text-editor\" data-id=\"8abebd6\" data-element_type=\"widget\" data-e-type=\"widget\" data-widget_type=\"text-editor.default\">\n\t\t\t\t<div class=\"elementor-widget-container\">\n\t\t\t\t\t\t\t\t\t<p>En 2030, <strong>MULTITRANS S.A.S<\/strong>. integrador log\u00edstico ser\u00e1 el aliado estrat\u00e9gico que requiere el cliente para el dise\u00f1o, gesti\u00f3n y control de soluciones de transporte y servicios conexos, destac\u00e1ndose por su innovaci\u00f3n, eficiencia y compromiso con la calidad y la seguridad. A trav\u00e9s de la transformaci\u00f3n digital, el desarrollo del talento humano y la mejora continua, generaremos valor sostenible para nuestras partes interesadas.<\/p>\t\t\t\t\t\t\t\t<\/div>\n\t\t\t\t<\/div>\n\t\t\t\t\t<\/div>\n\t\t<\/div>\n\t\t\t\t\t<\/div>\n\t\t<\/section>\n\t\t\t\t<\/div>\n\t\t","protected":false},"excerpt":{"rendered":"<p>MISI\u00d3N En MULTITRANS S.A.S. brindamos soluciones log\u00edsticas integrales en transporte urbano y nacional, adaptadas a [&hellip;]<\/p>\n","protected":false},"author":1,"featured_media":0,"parent":0,"menu_order":0,"comment_status":"closed","ping_status":"closed","template":"","meta":{"_joinchat":[],"footnotes":""},"class_list":["post-258","page","type-page","status-publish","hentry"],"_links":{"self":[{"href":"https:\/\/multitranssas.com\/mt\/wp-json\/wp\/v2\/pages\/258","targetHints":{"allow":["GET"]}}],"collection":[{"href":"https:\/\/multitranssas.com\/mt\/wp-json\/wp\/v2\/pages"}],"about":[{"href":"https:\/\/multitranssas.com\/mt\/wp-json\/wp\/v2\/types\/page"}],"author":[{"embeddable":true,"href":"https:\/\/multitranssas.com\/mt\/wp-json\/wp\/v2\/users\/1"}],"replies":[{"embeddable":true,"href":"https:\/\/multitranssas.com\/mt\/wp-json\/wp\/v2\/comments?post=258"}],"version-history":[{"count":10,"href":"https:\/\/multitranssas.com\/mt\/wp-json\/wp\/v2\/pages\/258\/revisions"}],"predecessor-version":[{"id":743,"href":"https:\/\/multitranssas.com\/mt\/wp-json\/wp\/v2\/pages\/258\/revisions\/743"}],"wp:attachment":[{"href":"https:\/\/multitranssas.com\/mt\/wp-json\/wp\/v2\/media?parent=258"}],"curies":[{"name":"wp","href":"https:\/\/api.w.org\/{rel}","templated":true}]}}