{"id":256,"date":"2023-02-14T22:15:04","date_gmt":"2023-02-14T22:15:04","guid":{"rendered":"https:\/\/multitranssas.com\/mt\/?page_id=256"},"modified":"2025-11-05T14:36:01","modified_gmt":"2025-11-05T14:36:01","slug":"politicas","status":"publish","type":"page","link":"https:\/\/multitranssas.com\/mt\/politicas\/","title":{"rendered":"Pol\u00edticas"},"content":{"rendered":"\t\t<div data-elementor-type=\"wp-page\" data-elementor-id=\"256\" class=\"elementor elementor-256\">\n\t\t\t\t\t\t<section class=\"elementor-section elementor-top-section elementor-element elementor-element-e2fd00d elementor-section-boxed elementor-section-height-default elementor-section-height-default\" data-id=\"e2fd00d\" data-element_type=\"section\" data-e-type=\"section\">\n\t\t\t\t\t\t<div class=\"elementor-container elementor-column-gap-default\">\n\t\t\t\t\t<div class=\"elementor-column elementor-col-33 elementor-top-column elementor-element elementor-element-677ba05\" data-id=\"677ba05\" data-element_type=\"column\" data-e-type=\"column\">\n\t\t\t<div class=\"elementor-widget-wrap elementor-element-populated\">\n\t\t\t\t\t\t<div class=\"elementor-element elementor-element-7420a80 elementor-widget elementor-widget-image\" data-id=\"7420a80\" data-element_type=\"widget\" data-e-type=\"widget\" data-widget_type=\"image.default\">\n\t\t\t\t<div class=\"elementor-widget-container\">\n\t\t\t\t\t\t\t\t\t\t\t\t\t\t\t\t<a href=\"https:\/\/drive.google.com\/file\/d\/1qP_WN8HGdGO0G6fmBhUYifo1InVw-Atd\/view?usp=sharing\">\n\t\t\t\t\t\t\t<img fetchpriority=\"high\" decoding=\"async\" width=\"768\" height=\"768\" src=\"https:\/\/multitranssas.com\/mt\/wp-content\/uploads\/2023\/03\/3-768x768.png\" class=\"attachment-medium_large size-medium_large wp-image-466\" alt=\"\" srcset=\"https:\/\/multitranssas.com\/mt\/wp-content\/uploads\/2023\/03\/3-768x768.png 768w, https:\/\/multitranssas.com\/mt\/wp-content\/uploads\/2023\/03\/3-300x300.png 300w, https:\/\/multitranssas.com\/mt\/wp-content\/uploads\/2023\/03\/3-1024x1024.png 1024w, https:\/\/multitranssas.com\/mt\/wp-content\/uploads\/2023\/03\/3-150x150.png 150w, https:\/\/multitranssas.com\/mt\/wp-content\/uploads\/2023\/03\/3.png 1080w\" sizes=\"(max-width: 768px) 100vw, 768px\" \/>\t\t\t\t\t\t\t\t<\/a>\n\t\t\t\t\t\t\t\t\t\t\t\t\t\t\t<\/div>\n\t\t\t\t<\/div>\n\t\t\t\t\t<\/div>\n\t\t<\/div>\n\t\t\t\t<div class=\"elementor-column elementor-col-33 elementor-top-column elementor-element elementor-element-a0e4b3a\" data-id=\"a0e4b3a\" data-element_type=\"column\" data-e-type=\"column\">\n\t\t\t<div class=\"elementor-widget-wrap elementor-element-populated\">\n\t\t\t\t\t\t<div class=\"elementor-element elementor-element-186edf8 elementor-widget elementor-widget-image\" data-id=\"186edf8\" data-element_type=\"widget\" data-e-type=\"widget\" data-widget_type=\"image.default\">\n\t\t\t\t<div class=\"elementor-widget-container\">\n\t\t\t\t\t\t\t\t\t\t\t\t\t\t\t\t<a href=\"https:\/\/drive.google.com\/file\/d\/1ez6kxIsmgr-e7g_vQSzFv_g_ZzuWiavz\/view?usp=sharing\">\n\t\t\t\t\t\t\t<img decoding=\"async\" width=\"1024\" height=\"1024\" src=\"https:\/\/multitranssas.com\/mt\/wp-content\/uploads\/2023\/03\/2-1-1024x1024.png\" class=\"attachment-large size-large wp-image-509\" alt=\"\" srcset=\"https:\/\/multitranssas.com\/mt\/wp-content\/uploads\/2023\/03\/2-1-1024x1024.png 1024w, https:\/\/multitranssas.com\/mt\/wp-content\/uploads\/2023\/03\/2-1-300x300.png 300w, https:\/\/multitranssas.com\/mt\/wp-content\/uploads\/2023\/03\/2-1-150x150.png 150w, https:\/\/multitranssas.com\/mt\/wp-content\/uploads\/2023\/03\/2-1-768x768.png 768w, https:\/\/multitranssas.com\/mt\/wp-content\/uploads\/2023\/03\/2-1.png 1080w\" sizes=\"(max-width: 1024px) 100vw, 1024px\" \/>\t\t\t\t\t\t\t\t<\/a>\n\t\t\t\t\t\t\t\t\t\t\t\t\t\t\t<\/div>\n\t\t\t\t<\/div>\n\t\t\t\t\t<\/div>\n\t\t<\/div>\n\t\t\t\t<div class=\"elementor-column elementor-col-33 elementor-top-column elementor-element elementor-element-1d3102f\" data-id=\"1d3102f\" data-element_type=\"column\" data-e-type=\"column\">\n\t\t\t<div class=\"elementor-widget-wrap elementor-element-populated\">\n\t\t\t\t\t\t<div class=\"elementor-element elementor-element-d06331d elementor-widget elementor-widget-image\" data-id=\"d06331d\" data-element_type=\"widget\" data-e-type=\"widget\" data-widget_type=\"image.default\">\n\t\t\t\t<div class=\"elementor-widget-container\">\n\t\t\t\t\t\t\t\t\t\t\t\t\t\t\t\t<a href=\"https:\/\/drive.google.com\/file\/d\/1RjkTGO-NQw6gAAM4EROuFUZFaeXDhKW0\/view?usp=sharing\">\n\t\t\t\t\t\t\t<img decoding=\"async\" width=\"1024\" height=\"1024\" src=\"https:\/\/multitranssas.com\/mt\/wp-content\/uploads\/2023\/03\/1-1024x1024.png\" class=\"attachment-large size-large wp-image-464\" alt=\"\" srcset=\"https:\/\/multitranssas.com\/mt\/wp-content\/uploads\/2023\/03\/1-1024x1024.png 1024w, https:\/\/multitranssas.com\/mt\/wp-content\/uploads\/2023\/03\/1-300x300.png 300w, https:\/\/multitranssas.com\/mt\/wp-content\/uploads\/2023\/03\/1-150x150.png 150w, https:\/\/multitranssas.com\/mt\/wp-content\/uploads\/2023\/03\/1-768x768.png 768w, https:\/\/multitranssas.com\/mt\/wp-content\/uploads\/2023\/03\/1.png 1080w\" sizes=\"(max-width: 1024px) 100vw, 1024px\" \/>\t\t\t\t\t\t\t\t<\/a>\n\t\t\t\t\t\t\t\t\t\t\t\t\t\t\t<\/div>\n\t\t\t\t<\/div>\n\t\t\t\t\t<\/div>\n\t\t<\/div>\n\t\t\t\t\t<\/div>\n\t\t<\/section>\n\t\t\t\t<section class=\"elementor-section elementor-top-section elementor-element elementor-element-5d514c2 elementor-section-boxed elementor-section-height-default elementor-section-height-default\" data-id=\"5d514c2\" data-element_type=\"section\" data-e-type=\"section\">\n\t\t\t\t\t\t<div class=\"elementor-container elementor-column-gap-default\">\n\t\t\t\t\t<div class=\"elementor-column elementor-col-33 elementor-top-column elementor-element elementor-element-175d113\" data-id=\"175d113\" data-element_type=\"column\" data-e-type=\"column\">\n\t\t\t<div class=\"elementor-widget-wrap elementor-element-populated\">\n\t\t\t\t\t\t<div class=\"elementor-element elementor-element-fc8ed52 elementor-widget elementor-widget-image\" data-id=\"fc8ed52\" data-element_type=\"widget\" data-e-type=\"widget\" data-widget_type=\"image.default\">\n\t\t\t\t<div class=\"elementor-widget-container\">\n\t\t\t\t\t\t\t\t\t\t\t\t\t\t\t\t<a href=\"https:\/\/drive.google.com\/file\/d\/19M_v-XHFkMgjZQypR2_agNPJ4BaPeWy2\/view?usp=sharing\">\n\t\t\t\t\t\t\t<img loading=\"lazy\" decoding=\"async\" width=\"1024\" height=\"1024\" src=\"https:\/\/multitranssas.com\/mt\/wp-content\/uploads\/2023\/03\/5-1024x1024.png\" class=\"attachment-large size-large wp-image-463\" alt=\"\" srcset=\"https:\/\/multitranssas.com\/mt\/wp-content\/uploads\/2023\/03\/5-1024x1024.png 1024w, https:\/\/multitranssas.com\/mt\/wp-content\/uploads\/2023\/03\/5-300x300.png 300w, https:\/\/multitranssas.com\/mt\/wp-content\/uploads\/2023\/03\/5-150x150.png 150w, https:\/\/multitranssas.com\/mt\/wp-content\/uploads\/2023\/03\/5-768x768.png 768w, https:\/\/multitranssas.com\/mt\/wp-content\/uploads\/2023\/03\/5.png 1080w\" sizes=\"(max-width: 1024px) 100vw, 1024px\" \/>\t\t\t\t\t\t\t\t<\/a>\n\t\t\t\t\t\t\t\t\t\t\t\t\t\t\t<\/div>\n\t\t\t\t<\/div>\n\t\t\t\t\t<\/div>\n\t\t<\/div>\n\t\t\t\t<div class=\"elementor-column elementor-col-33 elementor-top-column elementor-element elementor-element-e3f0445\" data-id=\"e3f0445\" data-element_type=\"column\" data-e-type=\"column\">\n\t\t\t<div class=\"elementor-widget-wrap elementor-element-populated\">\n\t\t\t\t\t\t<div class=\"elementor-element elementor-element-c167bb0 elementor-widget elementor-widget-image\" data-id=\"c167bb0\" data-element_type=\"widget\" data-e-type=\"widget\" data-widget_type=\"image.default\">\n\t\t\t\t<div class=\"elementor-widget-container\">\n\t\t\t\t\t\t\t\t\t\t\t\t\t\t\t\t<a href=\"https:\/\/drive.google.com\/file\/d\/1Y33c-v0W6q4Wx-PVNQZabtuy6-KtQqpQ\/view?usp=sharing\">\n\t\t\t\t\t\t\t<img loading=\"lazy\" decoding=\"async\" width=\"1024\" height=\"1024\" src=\"https:\/\/multitranssas.com\/mt\/wp-content\/uploads\/2023\/03\/4-1024x1024.png\" class=\"attachment-large size-large wp-image-462\" alt=\"\" srcset=\"https:\/\/multitranssas.com\/mt\/wp-content\/uploads\/2023\/03\/4-1024x1024.png 1024w, https:\/\/multitranssas.com\/mt\/wp-content\/uploads\/2023\/03\/4-300x300.png 300w, https:\/\/multitranssas.com\/mt\/wp-content\/uploads\/2023\/03\/4-150x150.png 150w, https:\/\/multitranssas.com\/mt\/wp-content\/uploads\/2023\/03\/4-768x768.png 768w, https:\/\/multitranssas.com\/mt\/wp-content\/uploads\/2023\/03\/4.png 1080w\" sizes=\"(max-width: 1024px) 100vw, 1024px\" \/>\t\t\t\t\t\t\t\t<\/a>\n\t\t\t\t\t\t\t\t\t\t\t\t\t\t\t<\/div>\n\t\t\t\t<\/div>\n\t\t\t\t\t<\/div>\n\t\t<\/div>\n\t\t\t\t<div class=\"elementor-column elementor-col-33 elementor-top-column elementor-element elementor-element-f4311dc\" data-id=\"f4311dc\" data-element_type=\"column\" data-e-type=\"column\">\n\t\t\t<div class=\"elementor-widget-wrap elementor-element-populated\">\n\t\t\t\t\t\t<div class=\"elementor-element elementor-element-814f5a2 elementor-widget elementor-widget-image\" data-id=\"814f5a2\" data-element_type=\"widget\" data-e-type=\"widget\" data-widget_type=\"image.default\">\n\t\t\t\t<div class=\"elementor-widget-container\">\n\t\t\t\t\t\t\t\t\t\t\t\t\t\t\t\t<a href=\"https:\/\/drive.google.com\/file\/d\/1ZDGFo1G4C5u6l40sQmSiFek_GN_cBjHr\/view?usp=sharing\">\n\t\t\t\t\t\t\t<img loading=\"lazy\" decoding=\"async\" width=\"1024\" height=\"1024\" src=\"https:\/\/multitranssas.com\/mt\/wp-content\/uploads\/2023\/03\/6-1024x1024.png\" class=\"attachment-large size-large wp-image-459\" alt=\"\" srcset=\"https:\/\/multitranssas.com\/mt\/wp-content\/uploads\/2023\/03\/6-1024x1024.png 1024w, https:\/\/multitranssas.com\/mt\/wp-content\/uploads\/2023\/03\/6-300x300.png 300w, https:\/\/multitranssas.com\/mt\/wp-content\/uploads\/2023\/03\/6-150x150.png 150w, https:\/\/multitranssas.com\/mt\/wp-content\/uploads\/2023\/03\/6-768x768.png 768w, https:\/\/multitranssas.com\/mt\/wp-content\/uploads\/2023\/03\/6.png 1080w\" sizes=\"(max-width: 1024px) 100vw, 1024px\" \/>\t\t\t\t\t\t\t\t<\/a>\n\t\t\t\t\t\t\t\t\t\t\t\t\t\t\t<\/div>\n\t\t\t\t<\/div>\n\t\t\t\t\t<\/div>\n\t\t<\/div>\n\t\t\t\t\t<\/div>\n\t\t<\/section>\n\t\t\t\t<section class=\"elementor-section elementor-top-section elementor-element elementor-element-aa80cee elementor-section-boxed elementor-section-height-default elementor-section-height-default\" data-id=\"aa80cee\" data-element_type=\"section\" data-e-type=\"section\">\n\t\t\t\t\t\t<div class=\"elementor-container elementor-column-gap-default\">\n\t\t\t\t\t<div class=\"elementor-column elementor-col-33 elementor-top-column elementor-element elementor-element-9e7366f\" data-id=\"9e7366f\" data-element_type=\"column\" data-e-type=\"column\">\n\t\t\t<div class=\"elementor-widget-wrap elementor-element-populated\">\n\t\t\t\t\t\t<div class=\"elementor-element elementor-element-f2dcd8c elementor-widget elementor-widget-image\" data-id=\"f2dcd8c\" data-element_type=\"widget\" data-e-type=\"widget\" data-widget_type=\"image.default\">\n\t\t\t\t<div class=\"elementor-widget-container\">\n\t\t\t\t\t\t\t\t\t\t\t\t\t\t\t\t<a href=\"https:\/\/drive.google.com\/file\/d\/1yz_ntV4F-L4t1PII6wFeJRcsXYQ5r8j4\/view?usp=sharing\">\n\t\t\t\t\t\t\t<img loading=\"lazy\" decoding=\"async\" width=\"1024\" height=\"1024\" src=\"https:\/\/multitranssas.com\/mt\/wp-content\/uploads\/2023\/03\/7-1-1024x1024.png\" class=\"attachment-large size-large wp-image-505\" alt=\"\" srcset=\"https:\/\/multitranssas.com\/mt\/wp-content\/uploads\/2023\/03\/7-1-1024x1024.png 1024w, https:\/\/multitranssas.com\/mt\/wp-content\/uploads\/2023\/03\/7-1-300x300.png 300w, https:\/\/multitranssas.com\/mt\/wp-content\/uploads\/2023\/03\/7-1-150x150.png 150w, https:\/\/multitranssas.com\/mt\/wp-content\/uploads\/2023\/03\/7-1-768x768.png 768w, https:\/\/multitranssas.com\/mt\/wp-content\/uploads\/2023\/03\/7-1.png 1080w\" sizes=\"(max-width: 1024px) 100vw, 1024px\" \/>\t\t\t\t\t\t\t\t<\/a>\n\t\t\t\t\t\t\t\t\t\t\t\t\t\t\t<\/div>\n\t\t\t\t<\/div>\n\t\t\t\t\t<\/div>\n\t\t<\/div>\n\t\t\t\t<div class=\"elementor-column elementor-col-33 elementor-top-column elementor-element elementor-element-3d8ed42\" data-id=\"3d8ed42\" data-element_type=\"column\" data-e-type=\"column\">\n\t\t\t<div class=\"elementor-widget-wrap elementor-element-populated\">\n\t\t\t\t\t\t<div class=\"elementor-element elementor-element-46e0f46 elementor-widget elementor-widget-image\" data-id=\"46e0f46\" data-element_type=\"widget\" data-e-type=\"widget\" data-widget_type=\"image.default\">\n\t\t\t\t<div class=\"elementor-widget-container\">\n\t\t\t\t\t\t\t\t\t\t\t\t\t\t\t\t<a href=\"https:\/\/drive.google.com\/file\/d\/1f7gs_C-OBRF_FRIAXA4V00bN0HRD_zhz\/view?usp=sharing\">\n\t\t\t\t\t\t\t<img loading=\"lazy\" decoding=\"async\" width=\"1024\" height=\"1024\" src=\"https:\/\/multitranssas.com\/mt\/wp-content\/uploads\/2023\/03\/9-1-1024x1024.png\" class=\"attachment-large size-large wp-image-506\" alt=\"\" srcset=\"https:\/\/multitranssas.com\/mt\/wp-content\/uploads\/2023\/03\/9-1-1024x1024.png 1024w, https:\/\/multitranssas.com\/mt\/wp-content\/uploads\/2023\/03\/9-1-300x300.png 300w, https:\/\/multitranssas.com\/mt\/wp-content\/uploads\/2023\/03\/9-1-150x150.png 150w, https:\/\/multitranssas.com\/mt\/wp-content\/uploads\/2023\/03\/9-1-768x768.png 768w, https:\/\/multitranssas.com\/mt\/wp-content\/uploads\/2023\/03\/9-1.png 1080w\" sizes=\"(max-width: 1024px) 100vw, 1024px\" \/>\t\t\t\t\t\t\t\t<\/a>\n\t\t\t\t\t\t\t\t\t\t\t\t\t\t\t<\/div>\n\t\t\t\t<\/div>\n\t\t\t\t\t<\/div>\n\t\t<\/div>\n\t\t\t\t<div class=\"elementor-column elementor-col-33 elementor-top-column elementor-element elementor-element-8cc382f\" data-id=\"8cc382f\" data-element_type=\"column\" data-e-type=\"column\">\n\t\t\t<div class=\"elementor-widget-wrap elementor-element-populated\">\n\t\t\t\t\t\t<div class=\"elementor-element elementor-element-38df9b5 elementor-widget elementor-widget-image\" data-id=\"38df9b5\" data-element_type=\"widget\" data-e-type=\"widget\" data-widget_type=\"image.default\">\n\t\t\t\t<div class=\"elementor-widget-container\">\n\t\t\t\t\t\t\t\t\t\t\t\t\t\t\t\t<a href=\"https:\/\/drive.google.com\/file\/d\/1Tc5rWvmCiHuDnhq0nYqFzdxjxzKePDyp\/view?usp=sharing\">\n\t\t\t\t\t\t\t<img loading=\"lazy\" decoding=\"async\" width=\"1024\" height=\"1024\" src=\"https:\/\/multitranssas.com\/mt\/wp-content\/uploads\/2023\/03\/11-1024x1024.png\" class=\"attachment-large size-large wp-image-458\" alt=\"\" srcset=\"https:\/\/multitranssas.com\/mt\/wp-content\/uploads\/2023\/03\/11-1024x1024.png 1024w, https:\/\/multitranssas.com\/mt\/wp-content\/uploads\/2023\/03\/11-300x300.png 300w, https:\/\/multitranssas.com\/mt\/wp-content\/uploads\/2023\/03\/11-150x150.png 150w, https:\/\/multitranssas.com\/mt\/wp-content\/uploads\/2023\/03\/11-768x768.png 768w, https:\/\/multitranssas.com\/mt\/wp-content\/uploads\/2023\/03\/11.png 1080w\" sizes=\"(max-width: 1024px) 100vw, 1024px\" \/>\t\t\t\t\t\t\t\t<\/a>\n\t\t\t\t\t\t\t\t\t\t\t\t\t\t\t<\/div>\n\t\t\t\t<\/div>\n\t\t\t\t\t<\/div>\n\t\t<\/div>\n\t\t\t\t\t<\/div>\n\t\t<\/section>\n\t\t\t\t<section class=\"elementor-section elementor-top-section elementor-element elementor-element-bb4b298 elementor-section-boxed elementor-section-height-default elementor-section-height-default\" data-id=\"bb4b298\" data-element_type=\"section\" data-e-type=\"section\">\n\t\t\t\t\t\t<div class=\"elementor-container elementor-column-gap-default\">\n\t\t\t\t\t<div class=\"elementor-column elementor-col-33 elementor-top-column elementor-element elementor-element-1bca78b\" data-id=\"1bca78b\" data-element_type=\"column\" data-e-type=\"column\">\n\t\t\t<div class=\"elementor-widget-wrap elementor-element-populated\">\n\t\t\t\t\t\t<div class=\"elementor-element elementor-element-3c1f98d elementor-widget elementor-widget-image\" data-id=\"3c1f98d\" data-element_type=\"widget\" data-e-type=\"widget\" data-widget_type=\"image.default\">\n\t\t\t\t<div class=\"elementor-widget-container\">\n\t\t\t\t\t\t\t\t\t\t\t\t\t\t\t\t<a href=\"https:\/\/drive.google.com\/file\/d\/1bdclOyZ2jsn6JNSEXMcqRc87-nw6W145\/view?usp=sharing\">\n\t\t\t\t\t\t\t<img loading=\"lazy\" decoding=\"async\" width=\"1024\" height=\"1024\" src=\"https:\/\/multitranssas.com\/mt\/wp-content\/uploads\/2023\/03\/8-1024x1024.png\" class=\"attachment-large size-large wp-image-461\" alt=\"\" srcset=\"https:\/\/multitranssas.com\/mt\/wp-content\/uploads\/2023\/03\/8-1024x1024.png 1024w, https:\/\/multitranssas.com\/mt\/wp-content\/uploads\/2023\/03\/8-300x300.png 300w, https:\/\/multitranssas.com\/mt\/wp-content\/uploads\/2023\/03\/8-150x150.png 150w, https:\/\/multitranssas.com\/mt\/wp-content\/uploads\/2023\/03\/8-768x768.png 768w, https:\/\/multitranssas.com\/mt\/wp-content\/uploads\/2023\/03\/8.png 1080w\" sizes=\"(max-width: 1024px) 100vw, 1024px\" \/>\t\t\t\t\t\t\t\t<\/a>\n\t\t\t\t\t\t\t\t\t\t\t\t\t\t\t<\/div>\n\t\t\t\t<\/div>\n\t\t\t\t\t<\/div>\n\t\t<\/div>\n\t\t\t\t<div class=\"elementor-column elementor-col-33 elementor-top-column elementor-element elementor-element-f4f39f8\" data-id=\"f4f39f8\" data-element_type=\"column\" data-e-type=\"column\">\n\t\t\t<div class=\"elementor-widget-wrap elementor-element-populated\">\n\t\t\t\t\t\t<div class=\"elementor-element elementor-element-985001e elementor-widget elementor-widget-image\" data-id=\"985001e\" data-element_type=\"widget\" data-e-type=\"widget\" data-widget_type=\"image.default\">\n\t\t\t\t<div class=\"elementor-widget-container\">\n\t\t\t\t\t\t\t\t\t\t\t\t\t\t\t\t<a href=\"https:\/\/drive.google.com\/file\/d\/1IAewpGQvnj9OT_GXuXMJytd1eV4efSHA\/view?usp=sharing\">\n\t\t\t\t\t\t\t<img loading=\"lazy\" decoding=\"async\" width=\"1024\" height=\"1024\" src=\"https:\/\/multitranssas.com\/mt\/wp-content\/uploads\/2023\/03\/10-1-1024x1024.png\" class=\"attachment-large size-large wp-image-504\" alt=\"\" srcset=\"https:\/\/multitranssas.com\/mt\/wp-content\/uploads\/2023\/03\/10-1-1024x1024.png 1024w, https:\/\/multitranssas.com\/mt\/wp-content\/uploads\/2023\/03\/10-1-300x300.png 300w, https:\/\/multitranssas.com\/mt\/wp-content\/uploads\/2023\/03\/10-1-150x150.png 150w, https:\/\/multitranssas.com\/mt\/wp-content\/uploads\/2023\/03\/10-1-768x768.png 768w, https:\/\/multitranssas.com\/mt\/wp-content\/uploads\/2023\/03\/10-1.png 1080w\" sizes=\"(max-width: 1024px) 100vw, 1024px\" \/>\t\t\t\t\t\t\t\t<\/a>\n\t\t\t\t\t\t\t\t\t\t\t\t\t\t\t<\/div>\n\t\t\t\t<\/div>\n\t\t\t\t\t<\/div>\n\t\t<\/div>\n\t\t\t\t<div class=\"elementor-column elementor-col-33 elementor-top-column elementor-element elementor-element-2346324\" data-id=\"2346324\" data-element_type=\"column\" data-e-type=\"column\">\n\t\t\t<div class=\"elementor-widget-wrap elementor-element-populated\">\n\t\t\t\t\t\t<div class=\"elementor-element elementor-element-940b5c0 elementor-widget elementor-widget-image\" data-id=\"940b5c0\" data-element_type=\"widget\" data-e-type=\"widget\" data-widget_type=\"image.default\">\n\t\t\t\t<div class=\"elementor-widget-container\">\n\t\t\t\t\t\t\t\t\t\t\t\t\t\t\t\t<a href=\"https:\/\/drive.google.com\/file\/d\/1GllwfMqXS8ce0rDgjBwgVrn-gRn3iBgi\/view?usp=sharing\">\n\t\t\t\t\t\t\t<img loading=\"lazy\" decoding=\"async\" width=\"1024\" height=\"1024\" src=\"https:\/\/multitranssas.com\/mt\/wp-content\/uploads\/2024\/11\/Codigo-de-Etica-Multitrans-1024x1024.jpg\" class=\"attachment-large size-large wp-image-693\" alt=\"\" srcset=\"https:\/\/multitranssas.com\/mt\/wp-content\/uploads\/2024\/11\/Codigo-de-Etica-Multitrans-1024x1024.jpg 1024w, https:\/\/multitranssas.com\/mt\/wp-content\/uploads\/2024\/11\/Codigo-de-Etica-Multitrans-300x300.jpg 300w, https:\/\/multitranssas.com\/mt\/wp-content\/uploads\/2024\/11\/Codigo-de-Etica-Multitrans-150x150.jpg 150w, https:\/\/multitranssas.com\/mt\/wp-content\/uploads\/2024\/11\/Codigo-de-Etica-Multitrans-768x768.jpg 768w, https:\/\/multitranssas.com\/mt\/wp-content\/uploads\/2024\/11\/Codigo-de-Etica-Multitrans.jpg 1080w\" sizes=\"(max-width: 1024px) 100vw, 1024px\" \/>\t\t\t\t\t\t\t\t<\/a>\n\t\t\t\t\t\t\t\t\t\t\t\t\t\t\t<\/div>\n\t\t\t\t<\/div>\n\t\t\t\t\t<\/div>\n\t\t<\/div>\n\t\t\t\t\t<\/div>\n\t\t<\/section>\n\t\t\t\t<section class=\"elementor-section elementor-top-section elementor-element elementor-element-31a877e elementor-section-boxed elementor-section-height-default elementor-section-height-default\" data-id=\"31a877e\" data-element_type=\"section\" data-e-type=\"section\">\n\t\t\t\t\t\t<div class=\"elementor-container elementor-column-gap-default\">\n\t\t\t\t\t<div class=\"elementor-column elementor-col-100 elementor-top-column elementor-element elementor-element-6dc1ceb\" data-id=\"6dc1ceb\" data-element_type=\"column\" data-e-type=\"column\">\n\t\t\t<div class=\"elementor-widget-wrap elementor-element-populated\">\n\t\t\t\t\t\t<div class=\"elementor-element elementor-element-a1d2bb6 elementor-widget elementor-widget-text-editor\" data-id=\"a1d2bb6\" data-element_type=\"widget\" data-e-type=\"widget\" data-widget_type=\"text-editor.default\">\n\t\t\t\t<div class=\"elementor-widget-container\">\n\t\t\t\t\t\t\t\t\t<p><span style=\"color: #575757; font-family: Roboto, Helvetica, sans-serif; font-size: 16px;\">En MULTITRANS S.A.S., Ofrecemos servicios log\u00edsticos de transporte de mercanc\u00edas que cumplen totalmente con los requisitos fijados por los clientes, con \u00e9nfasis en: el cumplimiento, la disponibilidad de los equipos, la seguridad de los procesos, la prevenci\u00f3n contra actividades il\u00edcitas como narcotr\u00e1fico, terrorismo, lavado de activos, proliferaci\u00f3n de armas de destrucci\u00f3n masiva, corrupci\u00f3n y soborno entre otras y, una adecuada relaci\u00f3n beneficio-inversi\u00f3n con nuestros grupos de inter\u00e9s.&nbsp;<br><br>Contamos con personal \u00e9tico y competente, infraestructura propia que utiliza tecnolog\u00eda de informaci\u00f3n y digital en todos los procesos, adecu\u00e1ndonos a est\u00e1ndares internacionales de satisfacci\u00f3n de clientes, control y seguridad en: ciberseguridad,&nbsp; desplazamientos viales, salud y seguridad laboral, as\u00ed como en la prestaci\u00f3n de nuestros servicios; propendiendo por la mitigaci\u00f3n de impactos ambientales del cambio clim\u00e1tico y dando estricto&nbsp; cumplimiento a todos nuestros&nbsp; objetivos de los sistemas de gesti\u00f3n que se integran, comprometidos con el cumplimiento de la normatividad legal que nos aplica, la integridad de los procesos y en procura de permanente mejora continua en todas nuestras operaciones.<\/span><\/p>\t\t\t\t\t\t\t\t<\/div>\n\t\t\t\t<\/div>\n\t\t\t\t\t<\/div>\n\t\t<\/div>\n\t\t\t\t\t<\/div>\n\t\t<\/section>\n\t\t\t\t<\/div>\n\t\t","protected":false},"excerpt":{"rendered":"<p>En MULTITRANS S.A.S., Ofrecemos servicios log\u00edsticos de transporte de mercanc\u00edas que cumplen totalmente con los [&hellip;]<\/p>\n","protected":false},"author":1,"featured_media":0,"parent":0,"menu_order":0,"comment_status":"closed","ping_status":"closed","template":"","meta":{"_joinchat":[],"footnotes":""},"class_list":["post-256","page","type-page","status-publish","hentry"],"_links":{"self":[{"href":"https:\/\/multitranssas.com\/mt\/wp-json\/wp\/v2\/pages\/256","targetHints":{"allow":["GET"]}}],"collection":[{"href":"https:\/\/multitranssas.com\/mt\/wp-json\/wp\/v2\/pages"}],"about":[{"href":"https:\/\/multitranssas.com\/mt\/wp-json\/wp\/v2\/types\/page"}],"author":[{"embeddable":true,"href":"https:\/\/multitranssas.com\/mt\/wp-json\/wp\/v2\/users\/1"}],"replies":[{"embeddable":true,"href":"https:\/\/multitranssas.com\/mt\/wp-json\/wp\/v2\/comments?post=256"}],"version-history":[{"count":17,"href":"https:\/\/multitranssas.com\/mt\/wp-json\/wp\/v2\/pages\/256\/revisions"}],"predecessor-version":[{"id":749,"href":"https:\/\/multitranssas.com\/mt\/wp-json\/wp\/v2\/pages\/256\/revisions\/749"}],"wp:attachment":[{"href":"https:\/\/multitranssas.com\/mt\/wp-json\/wp\/v2\/media?parent=256"}],"curies":[{"name":"wp","href":"https:\/\/api.w.org\/{rel}","templated":true}]}}