{"id":253,"date":"2023-02-14T21:44:15","date_gmt":"2023-02-14T21:44:15","guid":{"rendered":"https:\/\/multitranssas.com\/mt\/?page_id=253"},"modified":"2023-03-09T02:25:36","modified_gmt":"2023-03-09T02:25:36","slug":"trabaja-nosotros","status":"publish","type":"page","link":"https:\/\/multitranssas.com\/mt\/trabaja-nosotros\/","title":{"rendered":"Trabaja con Nosotros"},"content":{"rendered":"\t\t<div data-elementor-type=\"wp-page\" data-elementor-id=\"253\" class=\"elementor elementor-253\">\n\t\t\t\t\t\t<section class=\"elementor-section elementor-top-section elementor-element elementor-element-a7d95a8 elementor-section-boxed elementor-section-height-default elementor-section-height-default\" data-id=\"a7d95a8\" data-element_type=\"section\" data-e-type=\"section\">\n\t\t\t\t\t\t<div class=\"elementor-container elementor-column-gap-default\">\n\t\t\t\t\t<div class=\"elementor-column elementor-col-100 elementor-top-column elementor-element elementor-element-56243c6\" data-id=\"56243c6\" data-element_type=\"column\" data-e-type=\"column\">\n\t\t\t<div class=\"elementor-widget-wrap elementor-element-populated\">\n\t\t\t\t\t\t<div class=\"elementor-element elementor-element-e5003ad elementor-widget elementor-widget-text-editor\" data-id=\"e5003ad\" data-element_type=\"widget\" data-e-type=\"widget\" data-widget_type=\"text-editor.default\">\n\t\t\t\t<div class=\"elementor-widget-container\">\n\t\t\t\t\t\t\t\t\t<p>Si buscas trabajar dentro de la compa\u00f1\u00eda, env\u00edanos un correo a <strong>in<\/strong><b>fo@multitranssas.com<\/b> con el asunto <em><strong>\u00abQuiero trabajar con Multitrans<\/strong><\/em>\u00bb especificando el cargo al cual desea aplicar y un n\u00famero de contacto para ponernos en contacto.\u00a0<\/p><p>De lo contrario, si deseas afiliar tu veh\u00edculo, te invitamos a llenar el siguiente formulario.<\/p>\t\t\t\t\t\t\t\t<\/div>\n\t\t\t\t<\/div>\n\t\t\t\t\t<\/div>\n\t\t<\/div>\n\t\t\t\t\t<\/div>\n\t\t<\/section>\n\t\t\t\t<section class=\"elementor-section elementor-top-section elementor-element elementor-element-92c23b7 elementor-section-boxed elementor-section-height-default elementor-section-height-default\" data-id=\"92c23b7\" data-element_type=\"section\" data-e-type=\"section\">\n\t\t\t\t\t\t<div class=\"elementor-container elementor-column-gap-default\">\n\t\t\t\t\t<div class=\"elementor-column elementor-col-100 elementor-top-column elementor-element elementor-element-b0a817e\" data-id=\"b0a817e\" data-element_type=\"column\" data-e-type=\"column\">\n\t\t\t<div class=\"elementor-widget-wrap elementor-element-populated\">\n\t\t\t\t\t\t<div class=\"elementor-element elementor-element-84ed7bd elementor-widget elementor-widget-shortcode\" data-id=\"84ed7bd\" data-element_type=\"widget\" data-e-type=\"widget\" data-widget_type=\"shortcode.default\">\n\t\t\t\t<div class=\"elementor-widget-container\">\n\t\t\t\t\t\t\t<div class=\"elementor-shortcode\"><div class=\"wpforms-container wpforms-container-full\" id=\"wpforms-343\"><form id=\"wpforms-form-343\" class=\"wpforms-validate wpforms-form wpforms-ajax-form\" data-formid=\"343\" method=\"post\" enctype=\"multipart\/form-data\" action=\"\/mt\/wp-json\/wp\/v2\/pages\/253\" data-token=\"1350dce87150842237854782b23c1209\" data-token-time=\"1776376107\"><noscript class=\"wpforms-error-noscript\">Por favor, activa JavaScript en tu navegador para completar este formulario.<\/noscript><div class=\"wpforms-field-container\"><div id=\"wpforms-343-field_1-container\" class=\"wpforms-field wpforms-field-name\" data-field-id=\"1\"><label class=\"wpforms-field-label\">Nombre <span class=\"wpforms-required-label\">*<\/span><\/label><div class=\"wpforms-field-row wpforms-field-medium\"><div class=\"wpforms-field-row-block wpforms-first wpforms-one-half\"><input type=\"text\" id=\"wpforms-343-field_1\" class=\"wpforms-field-name-first wpforms-field-required\" name=\"wpforms[fields][1][first]\" required><label for=\"wpforms-343-field_1\" class=\"wpforms-field-sublabel after\">Nombre<\/label><\/div><div class=\"wpforms-field-row-block wpforms-one-half\"><input type=\"text\" id=\"wpforms-343-field_1-last\" class=\"wpforms-field-name-last wpforms-field-required\" name=\"wpforms[fields][1][last]\" required><label for=\"wpforms-343-field_1-last\" class=\"wpforms-field-sublabel after\">Apellidos<\/label><\/div><\/div><\/div><div id=\"wpforms-343-field_2-container\" class=\"wpforms-field wpforms-field-email\" data-field-id=\"2\"><label class=\"wpforms-field-label\" for=\"wpforms-343-field_2\">Correo Electr\u00f3nico <span class=\"wpforms-required-label\">*<\/span><\/label><input type=\"email\" id=\"wpforms-343-field_2\" class=\"wpforms-field-medium wpforms-field-required\" name=\"wpforms[fields][2]\" spellcheck=\"false\" required><\/div><div id=\"wpforms-343-field_12-container\" class=\"wpforms-field wpforms-field-number\" data-field-id=\"12\"><label class=\"wpforms-field-label\" for=\"wpforms-343-field_12\">N\u00famero de contacto <span class=\"wpforms-required-label\">*<\/span><\/label><input type=\"number\" id=\"wpforms-343-field_12\" class=\"wpforms-field-medium wpforms-field-required\" name=\"wpforms[fields][12]\" step=\"any\" required><\/div><div id=\"wpforms-343-field_13-container\" class=\"wpforms-field wpforms-field-text\" data-field-id=\"13\"><label class=\"wpforms-field-label\" for=\"wpforms-343-field_13\">Placa <span class=\"wpforms-required-label\">*<\/span><\/label><input type=\"text\" id=\"wpforms-343-field_13\" class=\"wpforms-field-medium wpforms-field-required\" name=\"wpforms[fields][13]\" required><\/div><div id=\"wpforms-343-field_3-container\" class=\"wpforms-field wpforms-field-radio\" data-field-id=\"3\"><label class=\"wpforms-field-label\">Tipo de veh\u00edculo <span class=\"wpforms-required-label\">*<\/span><\/label><ul id=\"wpforms-343-field_3\" class=\"wpforms-field-required\"><li class=\"choice-1 depth-1\"><input type=\"radio\" id=\"wpforms-343-field_3_1\" name=\"wpforms[fields][3]\" value=\"Carry\" required ><label class=\"wpforms-field-label-inline\" for=\"wpforms-343-field_3_1\">Carry<\/label><\/li><li class=\"choice-2 depth-1\"><input type=\"radio\" id=\"wpforms-343-field_3_2\" name=\"wpforms[fields][3]\" value=\"Luv\" required ><label class=\"wpforms-field-label-inline\" for=\"wpforms-343-field_3_2\">Luv<\/label><\/li><li class=\"choice-3 depth-1\"><input type=\"radio\" id=\"wpforms-343-field_3_3\" name=\"wpforms[fields][3]\" value=\"Turbo\" required ><label class=\"wpforms-field-label-inline\" for=\"wpforms-343-field_3_3\">Turbo<\/label><\/li><li class=\"choice-4 depth-1\"><input type=\"radio\" id=\"wpforms-343-field_3_4\" name=\"wpforms[fields][3]\" value=\"Sencillo\" required ><label class=\"wpforms-field-label-inline\" for=\"wpforms-343-field_3_4\">Sencillo<\/label><\/li><li class=\"choice-5 depth-1\"><input type=\"radio\" id=\"wpforms-343-field_3_5\" name=\"wpforms[fields][3]\" value=\"Jumbo\" required ><label class=\"wpforms-field-label-inline\" for=\"wpforms-343-field_3_5\">Jumbo<\/label><\/li><li class=\"choice-7 depth-1\"><input type=\"radio\" id=\"wpforms-343-field_3_7\" name=\"wpforms[fields][3]\" value=\"Patineta\" required ><label class=\"wpforms-field-label-inline\" for=\"wpforms-343-field_3_7\">Patineta<\/label><\/li><li class=\"choice-6 depth-1\"><input type=\"radio\" id=\"wpforms-343-field_3_6\" name=\"wpforms[fields][3]\" value=\"Mula\" required ><label class=\"wpforms-field-label-inline\" for=\"wpforms-343-field_3_6\">Mula<\/label><\/li><\/ul><\/div><div id=\"wpforms-343-field_14-container\" class=\"wpforms-field wpforms-field-number\" data-field-id=\"14\"><label class=\"wpforms-field-label\" for=\"wpforms-343-field_14\">Modelo (a\u00f1o veh\u00edculo) <span class=\"wpforms-required-label\">*<\/span><\/label><input type=\"number\" id=\"wpforms-343-field_14\" class=\"wpforms-field-medium wpforms-field-required\" name=\"wpforms[fields][14]\" step=\"any\" required><\/div><div id=\"wpforms-343-field_15-container\" class=\"wpforms-field wpforms-field-text\" data-field-id=\"15\"><label class=\"wpforms-field-label\" for=\"wpforms-343-field_15\">Medidas internas del furg\u00f3n (Alto x Largo x Ancho) en metros <span class=\"wpforms-required-label\">*<\/span><\/label><input type=\"text\" id=\"wpforms-343-field_15\" class=\"wpforms-field-medium wpforms-field-required\" name=\"wpforms[fields][15]\" required><\/div><div id=\"wpforms-343-field_16-container\" class=\"wpforms-field wpforms-field-radio\" data-field-id=\"16\"><label class=\"wpforms-field-label\">GPS activo <span class=\"wpforms-required-label\">*<\/span><\/label><ul id=\"wpforms-343-field_16\" class=\"wpforms-field-required\"><li class=\"choice-1 depth-1\"><input type=\"radio\" id=\"wpforms-343-field_16_1\" name=\"wpforms[fields][16]\" value=\"Si\" required ><label class=\"wpforms-field-label-inline\" for=\"wpforms-343-field_16_1\">Si<\/label><\/li><li class=\"choice-2 depth-1\"><input type=\"radio\" id=\"wpforms-343-field_16_2\" name=\"wpforms[fields][16]\" value=\"No\" required ><label class=\"wpforms-field-label-inline\" for=\"wpforms-343-field_16_2\">No<\/label><\/li><\/ul><\/div><div id=\"wpforms-343-field_5-container\" class=\"wpforms-field wpforms-field-radio\" data-field-id=\"5\"><label class=\"wpforms-field-label\">Cuenta con seguridad social vigente <span class=\"wpforms-required-label\">*<\/span><\/label><ul id=\"wpforms-343-field_5\" class=\"wpforms-field-required\"><li class=\"choice-1 depth-1\"><input type=\"radio\" id=\"wpforms-343-field_5_1\" name=\"wpforms[fields][5]\" value=\"Si\" required ><label class=\"wpforms-field-label-inline\" for=\"wpforms-343-field_5_1\">Si<\/label><\/li><li class=\"choice-2 depth-1\"><input type=\"radio\" id=\"wpforms-343-field_5_2\" name=\"wpforms[fields][5]\" value=\"No\" required ><label class=\"wpforms-field-label-inline\" for=\"wpforms-343-field_5_2\">No<\/label><\/li><\/ul><\/div><div id=\"wpforms-343-field_7-container\" class=\"wpforms-field wpforms-field-textarea\" data-field-id=\"7\"><label class=\"wpforms-field-label\" for=\"wpforms-343-field_7\">Informaci\u00f3n relevante adicional <\/label><textarea id=\"wpforms-343-field_7\" class=\"wpforms-field-medium\" name=\"wpforms[fields][7]\" ><\/textarea><\/div><div id=\"wpforms-343-field_17-container\" class=\"wpforms-field wpforms-field-checkbox\" data-field-id=\"17\"><label class=\"wpforms-field-label\">Autoriza el tratamiento de datos personales seg\u00fan nuestra politica de tratamiento de datos <span class=\"wpforms-required-label\">*<\/span><\/label><ul id=\"wpforms-343-field_17\" class=\"wpforms-field-required\"><li class=\"choice-1 depth-1\"><input type=\"checkbox\" id=\"wpforms-343-field_17_1\" name=\"wpforms[fields][17][]\" value=\"Acepto el tratamiento de datos\" required ><label class=\"wpforms-field-label-inline\" for=\"wpforms-343-field_17_1\">Acepto el tratamiento de datos<\/label><\/li><\/ul><\/div><\/div><!-- .wpforms-field-container --><div class=\"wpforms-submit-container\" ><input type=\"hidden\" name=\"wpforms[id]\" value=\"343\"><input type=\"hidden\" name=\"page_title\" value=\"\"><input type=\"hidden\" name=\"page_url\" value=\"https:\/\/multitranssas.com\/mt\/wp-json\/wp\/v2\/pages\/253\"><input type=\"hidden\" name=\"url_referer\" value=\"\"><button type=\"submit\" name=\"wpforms[submit]\" id=\"wpforms-submit-343\" class=\"wpforms-submit\" data-alt-text=\"Enviando...\" data-submit-text=\"Env\u00edar\" aria-live=\"assertive\" value=\"wpforms-submit\">Env\u00edar<\/button><img decoding=\"async\" src=\"https:\/\/multitranssas.com\/mt\/wp-content\/plugins\/wpforms-lite\/assets\/images\/submit-spin.svg\" class=\"wpforms-submit-spinner\" style=\"display: none;\" width=\"26\" height=\"26\" alt=\"Cargando\"><\/div><\/form><\/div>  <!-- .wpforms-container --><\/div>\n\t\t\t\t\t\t<\/div>\n\t\t\t\t<\/div>\n\t\t\t\t\t<\/div>\n\t\t<\/div>\n\t\t\t\t\t<\/div>\n\t\t<\/section>\n\t\t\t\t<section class=\"elementor-section elementor-top-section elementor-element elementor-element-55d8377 elementor-section-boxed elementor-section-height-default elementor-section-height-default\" data-id=\"55d8377\" data-element_type=\"section\" data-e-type=\"section\">\n\t\t\t\t\t\t<div class=\"elementor-container elementor-column-gap-default\">\n\t\t\t\t\t<div class=\"elementor-column elementor-col-100 elementor-top-column elementor-element elementor-element-1e4182b\" data-id=\"1e4182b\" data-element_type=\"column\" data-e-type=\"column\">\n\t\t\t<div class=\"elementor-widget-wrap elementor-element-populated\">\n\t\t\t\t\t\t<div class=\"elementor-element elementor-element-a95c493 elementor-widget elementor-widget-heading\" data-id=\"a95c493\" data-element_type=\"widget\" data-e-type=\"widget\" data-widget_type=\"heading.default\">\n\t\t\t\t<div class=\"elementor-widget-container\">\n\t\t\t\t\t<h2 class=\"elementor-heading-title elementor-size-default\">MULTITRANS, el mejor sitio para trabajar.<\/h2>\t\t\t\t<\/div>\n\t\t\t\t<\/div>\n\t\t\t\t\t<\/div>\n\t\t<\/div>\n\t\t\t\t\t<\/div>\n\t\t<\/section>\n\t\t\t\t<\/div>\n\t\t","protected":false},"excerpt":{"rendered":"","protected":false},"author":1,"featured_media":0,"parent":0,"menu_order":0,"comment_status":"closed","ping_status":"closed","template":"","meta":{"_joinchat":[],"footnotes":""},"class_list":["post-253","page","type-page","status-publish","hentry"],"_links":{"self":[{"href":"https:\/\/multitranssas.com\/mt\/wp-json\/wp\/v2\/pages\/253","targetHints":{"allow":["GET"]}}],"collection":[{"href":"https:\/\/multitranssas.com\/mt\/wp-json\/wp\/v2\/pages"}],"about":[{"href":"https:\/\/multitranssas.com\/mt\/wp-json\/wp\/v2\/types\/page"}],"author":[{"embeddable":true,"href":"https:\/\/multitranssas.com\/mt\/wp-json\/wp\/v2\/users\/1"}],"replies":[{"embeddable":true,"href":"https:\/\/multitranssas.com\/mt\/wp-json\/wp\/v2\/comments?post=253"}],"version-history":[{"count":17,"href":"https:\/\/multitranssas.com\/mt\/wp-json\/wp\/v2\/pages\/253\/revisions"}],"predecessor-version":[{"id":480,"href":"https:\/\/multitranssas.com\/mt\/wp-json\/wp\/v2\/pages\/253\/revisions\/480"}],"wp:attachment":[{"href":"https:\/\/multitranssas.com\/mt\/wp-json\/wp\/v2\/media?parent=253"}],"curies":[{"name":"wp","href":"https:\/\/api.w.org\/{rel}","templated":true}]}}