{"id":250,"date":"2023-02-14T21:37:34","date_gmt":"2023-02-14T21:37:34","guid":{"rendered":"https:\/\/multitranssas.com\/mt\/?page_id=250"},"modified":"2024-02-14T03:24:45","modified_gmt":"2024-02-14T03:24:45","slug":"certificaciones","status":"publish","type":"page","link":"https:\/\/multitranssas.com\/mt\/certificaciones\/","title":{"rendered":"Certificaciones"},"content":{"rendered":"<p>Estas certificaciones y acreditaciones aqu\u00ed se\u00f1aladas dan garant\u00eda de los altos est\u00e1ndares que maneja la compa\u00f1\u00eda en cada uno de sus procesos, manteniendo as\u00ed un desempe\u00f1o eficaz que sobresale a\u00f1o tras a\u00f1o en el mercado.<\/p>\n<style>\/*! elementor - v3.11.2 - 22-02-2023 *\/<br \/>\n.elementor-widget-image{text-align:center}.elementor-widget-image a{display:inline-block}.elementor-widget-image a img[src$=\".svg\"]{width:48px}.elementor-widget-image img{vertical-align:middle;display:inline-block}<\/style>\n<p><img fetchpriority=\"high\" decoding=\"async\" class=\"alignnone  wp-image-571\" src=\"https:\/\/multitranssas.com\/mt\/wp-content\/uploads\/2024\/02\/ISO-9001-2015-2024-252x300.jpg\" alt=\"\" width=\"502\" height=\"597\" srcset=\"https:\/\/multitranssas.com\/mt\/wp-content\/uploads\/2024\/02\/ISO-9001-2015-2024-252x300.jpg 252w, https:\/\/multitranssas.com\/mt\/wp-content\/uploads\/2024\/02\/ISO-9001-2015-2024.jpg 708w\" sizes=\"(max-width: 502px) 100vw, 502px\" \/><br \/>\n<img decoding=\"async\" class=\"alignnone  wp-image-575\" src=\"https:\/\/multitranssas.com\/mt\/wp-content\/uploads\/2024\/02\/BASC-2023-2024-1-229x300.png\" alt=\"\" width=\"502\" height=\"658\" srcset=\"https:\/\/multitranssas.com\/mt\/wp-content\/uploads\/2024\/02\/BASC-2023-2024-1-229x300.png 229w, https:\/\/multitranssas.com\/mt\/wp-content\/uploads\/2024\/02\/BASC-2023-2024-1-781x1024.png 781w, https:\/\/multitranssas.com\/mt\/wp-content\/uploads\/2024\/02\/BASC-2023-2024-1-768x1007.png 768w, https:\/\/multitranssas.com\/mt\/wp-content\/uploads\/2024\/02\/BASC-2023-2024-1-1171x1536.png 1171w, https:\/\/multitranssas.com\/mt\/wp-content\/uploads\/2024\/02\/BASC-2023-2024-1-1561x2048.png 1561w\" sizes=\"(max-width: 502px) 100vw, 502px\" \/><\/p>\n<p>Adem\u00e1s de contar con las certificaciones ISO\u00a0 y BASC cumplimos con la normatividad del plan estrat\u00e9gico de seguridad vial (PESV), el sistema de gesti\u00f3n de seguridad y salud en el trabajo, el programa de autorregulaci\u00f3n ambiental y el aval de funcionamiento por el ministerio de transporte.<\/p>\n<style>\/*! elementor - v3.11.2 - 22-02-2023 *\/<br \/>\n@charset \"UTF-8\";.elementor-star-rating{color:#ccd6df;font-family:eicons;display:inline-block}.elementor-star-rating i{display:inline-block;position:relative;font-style:normal;cursor:default}.elementor-star-rating i:before{content:\"e934\";display:block;font-size:inherit;font-family:inherit;position:absolute;overflow:hidden;color:#f0ad4e;top:0;left:0}.elementor-star-rating .elementor-star-empty:before{content:none}.elementor-star-rating .elementor-star-1:before{width:10%}.elementor-star-rating .elementor-star-2:before{width:20%}.elementor-star-rating .elementor-star-3:before{width:30%}.elementor-star-rating .elementor-star-4:before{width:40%}.elementor-star-rating .elementor-star-5:before{width:50%}.elementor-star-rating .elementor-star-6:before{width:60%}.elementor-star-rating .elementor-star-7:before{width:70%}.elementor-star-rating .elementor-star-8:before{width:80%}.elementor-star-rating .elementor-star-9:before{width:90%}.elementor-star-rating__wrapper{display:flex;align-items:center}.elementor-star-rating__title{margin-right:10px}.elementor-star-rating--align-right .elementor-star-rating__wrapper{text-align:right;justify-content:flex-end}.elementor-star-rating--align-left .elementor-star-rating__wrapper{text-align:left;justify-content:flex-start}.elementor-star-rating--align-center .elementor-star-rating__wrapper{text-align:center;justify-content:center}.elementor-star-rating--align-justify .elementor-star-rating__title{margin-right:auto}@media (max-width:1024px){.elementor-star-rating-tablet--align-right .elementor-star-rating__wrapper{text-align:right;justify-content:flex-end}.elementor-star-rating-tablet--align-left .elementor-star-rating__wrapper{text-align:left;justify-content:flex-start}.elementor-star-rating-tablet--align-center .elementor-star-rating__wrapper{text-align:center;justify-content:center}.elementor-star-rating-tablet--align-justify .elementor-star-rating__title{margin-right:auto}}@media (max-width:767px){.elementor-star-rating-mobile--align-right .elementor-star-rating__wrapper{text-align:right;justify-content:flex-end}.elementor-star-rating-mobile--align-left .elementor-star-rating__wrapper{text-align:left;justify-content:flex-start}.elementor-star-rating-mobile--align-center .elementor-star-rating__wrapper{text-align:center;justify-content:center}.elementor-star-rating-mobile--align-justify .elementor-star-rating__title{margin-right:auto}}.last-star{letter-spacing:0}.elementor--star-style-star_unicode .elementor-star-rating{font-family:Arial,Helvetica,sans-serif}.elementor--star-style-star_unicode .elementor-star-rating i:not(.elementor-star-empty):before{content:\"\u2605\"}<\/style>\n<p><i>\ue934<\/i><i>\ue934<\/i><i>\ue934<\/i><i>\ue934<\/i><i>\ue934<\/i> 5\/5<\/p>\n","protected":false},"excerpt":{"rendered":"<p>Estas certificaciones y acreditaciones aqu\u00ed se\u00f1aladas dan garant\u00eda de los altos est\u00e1ndares que maneja la [&hellip;]<\/p>\n","protected":false},"author":1,"featured_media":0,"parent":0,"menu_order":0,"comment_status":"closed","ping_status":"closed","template":"","meta":{"_joinchat":[],"footnotes":""},"class_list":["post-250","page","type-page","status-publish","hentry"],"_links":{"self":[{"href":"https:\/\/multitranssas.com\/mt\/wp-json\/wp\/v2\/pages\/250","targetHints":{"allow":["GET"]}}],"collection":[{"href":"https:\/\/multitranssas.com\/mt\/wp-json\/wp\/v2\/pages"}],"about":[{"href":"https:\/\/multitranssas.com\/mt\/wp-json\/wp\/v2\/types\/page"}],"author":[{"embeddable":true,"href":"https:\/\/multitranssas.com\/mt\/wp-json\/wp\/v2\/users\/1"}],"replies":[{"embeddable":true,"href":"https:\/\/multitranssas.com\/mt\/wp-json\/wp\/v2\/comments?post=250"}],"version-history":[{"count":8,"href":"https:\/\/multitranssas.com\/mt\/wp-json\/wp\/v2\/pages\/250\/revisions"}],"predecessor-version":[{"id":576,"href":"https:\/\/multitranssas.com\/mt\/wp-json\/wp\/v2\/pages\/250\/revisions\/576"}],"wp:attachment":[{"href":"https:\/\/multitranssas.com\/mt\/wp-json\/wp\/v2\/media?parent=250"}],"curies":[{"name":"wp","href":"https:\/\/api.w.org\/{rel}","templated":true}]}}