{"id":243,"date":"2023-02-14T21:27:20","date_gmt":"2023-02-14T21:27:20","guid":{"rendered":"https:\/\/multitranssas.com\/mt\/?page_id=243"},"modified":"2023-03-07T16:12:59","modified_gmt":"2023-03-07T16:12:59","slug":"seguimiento","status":"publish","type":"page","link":"https:\/\/multitranssas.com\/mt\/seguimiento\/","title":{"rendered":"Seguimiento Veh\u00edculo"},"content":{"rendered":"\t\t<div data-elementor-type=\"wp-page\" data-elementor-id=\"243\" class=\"elementor elementor-243\">\n\t\t\t\t\t\t<section class=\"elementor-section elementor-top-section elementor-element elementor-element-83c53ca elementor-section-boxed elementor-section-height-default elementor-section-height-default\" data-id=\"83c53ca\" data-element_type=\"section\" data-e-type=\"section\">\n\t\t\t\t\t\t<div class=\"elementor-container elementor-column-gap-default\">\n\t\t\t\t\t<div class=\"elementor-column elementor-col-100 elementor-top-column elementor-element elementor-element-3c9760f\" data-id=\"3c9760f\" data-element_type=\"column\" data-e-type=\"column\">\n\t\t\t<div class=\"elementor-widget-wrap elementor-element-populated\">\n\t\t\t\t\t\t<div class=\"elementor-element elementor-element-c2e335d elementor-widget elementor-widget-text-editor\" data-id=\"c2e335d\" data-element_type=\"widget\" data-e-type=\"widget\" data-widget_type=\"text-editor.default\">\n\t\t\t\t<div class=\"elementor-widget-container\">\n\t\t\t\t\t\t\t\t\t<p class=\"MsoNormal\"><span lang=\"ES\">En MULTITRANS tenemos una sala de control que realiza seguimiento constante a nuestros veh\u00edculos con el fin de garantizar la seguridad de la carga y el transporte eficiente de sus mercanc\u00edas.<\/span><\/p><ul><li>Todos los veh\u00edculos cuentan con GPRS para hacer seguimiento<\/li><li>La mayor\u00eda de los veh\u00edculos cuentan con doble GPRS que permite mantener posicionamiento del veh\u00edculo en tiempo real<\/li><li>CCTV con transmisi\u00f3n en l\u00ednea con capacidad de almacenamiento de 3 d\u00edas.<\/li><\/ul><div>\u00a0<\/div><div>Si ya haces parte de nuestros clientes, revisa tu <strong>rastreo de gu\u00edas<\/strong> dando clic a la siguiente imagen.<\/div>\t\t\t\t\t\t\t\t<\/div>\n\t\t\t\t<\/div>\n\t\t\t\t\t<\/div>\n\t\t<\/div>\n\t\t\t\t\t<\/div>\n\t\t<\/section>\n\t\t\t\t<section class=\"elementor-section elementor-top-section elementor-element elementor-element-9979ead elementor-section-boxed elementor-section-height-default elementor-section-height-default\" data-id=\"9979ead\" data-element_type=\"section\" data-e-type=\"section\">\n\t\t\t\t\t\t<div class=\"elementor-container elementor-column-gap-default\">\n\t\t\t\t\t<div class=\"elementor-column elementor-col-100 elementor-top-column elementor-element elementor-element-f47ca38\" data-id=\"f47ca38\" data-element_type=\"column\" data-e-type=\"column\">\n\t\t\t<div class=\"elementor-widget-wrap elementor-element-populated\">\n\t\t\t\t\t\t<div class=\"elementor-element elementor-element-b374e5a elementor-widget elementor-widget-image\" data-id=\"b374e5a\" data-element_type=\"widget\" data-e-type=\"widget\" data-widget_type=\"image.default\">\n\t\t\t\t<div class=\"elementor-widget-container\">\n\t\t\t\t\t\t\t\t\t\t\t\t\t\t\t\t<a href=\"https:\/\/portalmultitranssas.com\/seguimientos\/Tracking\">\n\t\t\t\t\t\t\t<img fetchpriority=\"high\" decoding=\"async\" width=\"1029\" height=\"496\" src=\"https:\/\/multitranssas.com\/mt\/wp-content\/uploads\/2023\/03\/RastreoGuias.png\" class=\"attachment-2048x2048 size-2048x2048 wp-image-419\" alt=\"\" srcset=\"https:\/\/multitranssas.com\/mt\/wp-content\/uploads\/2023\/03\/RastreoGuias.png 1029w, https:\/\/multitranssas.com\/mt\/wp-content\/uploads\/2023\/03\/RastreoGuias-300x145.png 300w, https:\/\/multitranssas.com\/mt\/wp-content\/uploads\/2023\/03\/RastreoGuias-1024x494.png 1024w, https:\/\/multitranssas.com\/mt\/wp-content\/uploads\/2023\/03\/RastreoGuias-768x370.png 768w\" sizes=\"(max-width: 1029px) 100vw, 1029px\" \/>\t\t\t\t\t\t\t\t<\/a>\n\t\t\t\t\t\t\t\t\t\t\t\t\t\t\t<\/div>\n\t\t\t\t<\/div>\n\t\t\t\t\t<\/div>\n\t\t<\/div>\n\t\t\t\t\t<\/div>\n\t\t<\/section>\n\t\t\t\t<\/div>\n\t\t","protected":false},"excerpt":{"rendered":"","protected":false},"author":1,"featured_media":0,"parent":0,"menu_order":0,"comment_status":"closed","ping_status":"closed","template":"","meta":{"_joinchat":[],"footnotes":""},"class_list":["post-243","page","type-page","status-publish","hentry"],"_links":{"self":[{"href":"https:\/\/multitranssas.com\/mt\/wp-json\/wp\/v2\/pages\/243","targetHints":{"allow":["GET"]}}],"collection":[{"href":"https:\/\/multitranssas.com\/mt\/wp-json\/wp\/v2\/pages"}],"about":[{"href":"https:\/\/multitranssas.com\/mt\/wp-json\/wp\/v2\/types\/page"}],"author":[{"embeddable":true,"href":"https:\/\/multitranssas.com\/mt\/wp-json\/wp\/v2\/users\/1"}],"replies":[{"embeddable":true,"href":"https:\/\/multitranssas.com\/mt\/wp-json\/wp\/v2\/comments?post=243"}],"version-history":[{"count":7,"href":"https:\/\/multitranssas.com\/mt\/wp-json\/wp\/v2\/pages\/243\/revisions"}],"predecessor-version":[{"id":424,"href":"https:\/\/multitranssas.com\/mt\/wp-json\/wp\/v2\/pages\/243\/revisions\/424"}],"wp:attachment":[{"href":"https:\/\/multitranssas.com\/mt\/wp-json\/wp\/v2\/media?parent=243"}],"curies":[{"name":"wp","href":"https:\/\/api.w.org\/{rel}","templated":true}]}}